{"id":13971,"date":"2025-07-26T14:36:25","date_gmt":"2025-07-26T14:36:25","guid":{"rendered":"https:\/\/www.herochat.de\/de\/?page_id=13971"},"modified":"2026-02-09T07:19:52","modified_gmt":"2026-02-09T07:19:52","slug":"impressum","status":"publish","type":"page","link":"https:\/\/www.herochat.de\/de\/impressum\/","title":{"rendered":"Impressum"},"content":{"rendered":"\n<h3 class=\"wp-block-heading\"><strong>Angaben gem\u00e4\u00df \u00a7 5 TMG<\/strong><\/h3>\n\n\n\n<p>HeroChat GmbH<br>Rykestra\u00dfe 26<br>10405 Berlin<\/p>\n\n\n\n<h3 class=\"wp-block-heading\"><strong>Vertreten durch<\/strong><\/h3>\n\n\n\n<p><strong>Gesch\u00e4ftsf\u00fchrung:<br><\/strong>Christian Kl\u00f6wer<\/p>\n\n\n\n<h3 class=\"wp-block-heading\"><strong>Kontaktdaten<\/strong><\/h3>\n\n\n\n<p><strong>Telefon:<\/strong> +49 30 92 108 711<br><strong>E-Mail:<\/strong> info@herochat.de<br><strong>Support:<\/strong> support@herochat.de<br><strong>Rechtliches:<\/strong> legal@herochat.de<\/p>\n\n\n\n<h3 class=\"wp-block-heading\"><strong>Aufsichtsbeh\u00f6rde<\/strong><\/h3>\n\n\n\n<p>Zust\u00e4ndige Aufsichtsbeh\u00f6rde f\u00fcr datenschutzrechtliche Fragen:<br>Berliner Beauftragte f\u00fcr Datenschutz und Informationsfreiheit<br>Friedrichstr. 219, 10969 Berlin<\/p>\n\n\n\n<h3 class=\"wp-block-heading\"><strong>Streitbeilegung<\/strong><\/h3>\n\n\n\n<p>Hinweis gem\u00e4\u00df \u00a7 36 VSBG: Wir nehmen nicht an einem Streitbeilegungsverfahren vor einer Verbraucherschlichtungsstelle teil.<\/p>\n\n\n\n<p>Die Europ\u00e4ische Kommission hat die Plattform zur Online-Streitbeilegung (ODR) zum 20. Juli 2025 eingestellt. Weitere Informationen zu Verbraucherschutz finden Sie unter:<a href=\"https:\/\/consumer-redress.ec.europa.eu\/dispute-resolution-bodies\"> https:\/\/consumer-redress.ec.europa.eu\/dispute-resolution-bodies<\/a><\/p>\n\n\n\n<h3 class=\"wp-block-heading\"><strong>Verantwortlichkeit f\u00fcr Inhalte<\/strong><\/h3>\n\n\n\n<p>Die Inhalte unserer Seiten wurden mit gr\u00f6\u00dfter Sorgfalt erstellt. F\u00fcr die Richtigkeit, Vollst\u00e4ndigkeit und Aktualit\u00e4t der Inhalte k\u00f6nnen wir jedoch keine Gew\u00e4hr \u00fcbernehmen. Als Diensteanbieter sind wir gem\u00e4\u00df \u00a7 7 Abs.1 TMG f\u00fcr eigene Inhalte auf diesen Seiten nach den allgemeinen Gesetzen verantwortlich.<\/p>\n\n\n\n<h3 class=\"wp-block-heading\"><strong>Hinweis zu externen Links<\/strong><\/h3>\n\n\n\n<p>Diese Website kann Verweise auf externe Internetseiten enthalten. Wir haben keinen Einfluss auf die dort bereitgestellten Inhalte und \u00fcbernehmen daf\u00fcr keine Haftung. Die Verantwortung liegt ausschlie\u00dflich beim jeweiligen Anbieter der externen Seiten.<\/p>\n\n\n\n<h3 class=\"wp-block-heading\"><strong>Urheberrecht und Markenrecht<\/strong><\/h3>\n\n\n\n<p>Alle auf dieser Website ver\u00f6ffentlichten Inhalte (Texte, Grafiken, Bilder, Logos) unterliegen dem deutschen Urheberrecht. Jede Verwertung au\u00dferhalb der Grenzen des Urheberrechtsgesetzes ist ohne Zustimmung der HeroChat GmbH unzul\u00e4ssig. Dies gilt insbesondere f\u00fcr Vervielf\u00e4ltigung, \u00dcbersetzung und die Einspeicherung in elektronische Systeme.<\/p>\n\n\n\n<h3 class=\"wp-block-heading\"><strong>Datenschutz<\/strong><\/h3>\n\n\n\n<p>Informationen zur Verarbeitung personenbezogener Daten finden Sie in unserer Datenschutzerkl\u00e4rung.<\/p>\n","protected":false},"excerpt":{"rendered":"<p>Angaben gem\u00e4\u00df \u00a7 5 TMG HeroChat GmbHRykestra\u00dfe 2610405 Berlin Vertreten durch Gesch\u00e4ftsf\u00fchrung:Christian Kl\u00f6wer Kontaktdaten Telefon: +49 30 92 108 711E-Mail: info@herochat.deSupport: support@herochat.deRechtliches: legal@herochat.de Aufsichtsbeh\u00f6rde Zust\u00e4ndige Aufsichtsbeh\u00f6rde f\u00fcr datenschutzrechtliche Fragen:Berliner Beauftragte f\u00fcr Datenschutz und InformationsfreiheitFriedrichstr. 219, 10969 Berlin Streitbeilegung Hinweis gem\u00e4\u00df \u00a7 36 VSBG: Wir nehmen nicht an einem Streitbeilegungsverfahren vor einer Verbraucherschlichtungsstelle teil. Die Europ\u00e4ische [&hellip;]<\/p>\n","protected":false},"author":1,"featured_media":0,"parent":0,"menu_order":0,"comment_status":"closed","ping_status":"closed","template":"","meta":{"footnotes":""},"class_list":["post-13971","page","type-page","status-publish","hentry"],"jetpack_sharing_enabled":true,"_links":{"self":[{"href":"https:\/\/www.herochat.de\/de\/wp-json\/wp\/v2\/pages\/13971","targetHints":{"allow":["GET"]}}],"collection":[{"href":"https:\/\/www.herochat.de\/de\/wp-json\/wp\/v2\/pages"}],"about":[{"href":"https:\/\/www.herochat.de\/de\/wp-json\/wp\/v2\/types\/page"}],"author":[{"embeddable":true,"href":"https:\/\/www.herochat.de\/de\/wp-json\/wp\/v2\/users\/1"}],"replies":[{"embeddable":true,"href":"https:\/\/www.herochat.de\/de\/wp-json\/wp\/v2\/comments?post=13971"}],"version-history":[{"count":5,"href":"https:\/\/www.herochat.de\/de\/wp-json\/wp\/v2\/pages\/13971\/revisions"}],"predecessor-version":[{"id":14217,"href":"https:\/\/www.herochat.de\/de\/wp-json\/wp\/v2\/pages\/13971\/revisions\/14217"}],"wp:attachment":[{"href":"https:\/\/www.herochat.de\/de\/wp-json\/wp\/v2\/media?parent=13971"}],"curies":[{"name":"wp","href":"https:\/\/api.w.org\/{rel}","templated":true}]}}